{"id":5647,"date":"2022-09-18T13:18:59","date_gmt":"2022-09-18T11:18:59","guid":{"rendered":"http:\/\/yin-in-herford.de\/?page_id=5647"},"modified":"2023-06-09T19:33:04","modified_gmt":"2023-06-09T17:33:04","slug":"angebote","status":"publish","type":"page","link":"https:\/\/yin-in-herford.de\/?page_id=5647","title":{"rendered":"Angebote"},"content":{"rendered":"\t\t<div data-elementor-type=\"wp-page\" data-elementor-id=\"5647\" class=\"elementor elementor-5647\">\n\t\t\t\t\t\t\t\t\t<section class=\"elementor-section elementor-top-section elementor-element elementor-element-2b151892 elementor-section-boxed elementor-section-height-default elementor-section-height-default qodef-elementor-content-no\" data-id=\"2b151892\" data-element_type=\"section\">\n\t\t\t\t\t\t<div class=\"elementor-container elementor-column-gap-default\">\n\t\t\t\t\t<div class=\"elementor-column elementor-col-100 elementor-top-column elementor-element elementor-element-40fbdb19\" data-id=\"40fbdb19\" data-element_type=\"column\">\n\t\t\t<div class=\"elementor-widget-wrap elementor-element-populated\">\n\t\t\t\t\t\t\t\t<div class=\"elementor-element elementor-element-7c364858 elementor-widget elementor-widget-text-editor\" data-id=\"7c364858\" data-element_type=\"widget\" data-widget_type=\"text-editor.default\">\n\t\t\t\t<div class=\"elementor-widget-container\">\n\t\t\t\t\t\t\t<p><!-- wp:paragraph --><\/p>\n<p style=\"margin-bottom: 0cm;\"><span style=\"font-size: medium;\"><u><b>Meine Angebote<\/b><\/u><\/span><\/p>\n<p style=\"margin-bottom: 0cm;\">Ich biete folgende Formate an<\/p>\n<ul>\n<li><span style=\"color: var( --e-global-color-text ); font-family: var( --e-global-typography-text-font-family ), Sans-serif; font-weight: var( --e-global-typography-text-font-weight );\">Gruppenstunden<\/span><\/li>\n<li><span style=\"color: var( --e-global-color-text ); font-family: var( --e-global-typography-text-font-family ), Sans-serif; font-weight: var( --e-global-typography-text-font-weight );\">Einzelcoaching<\/span><\/li>\n<li><span style=\"color: var( --e-global-color-text ); font-family: var( --e-global-typography-text-font-family ), Sans-serif; font-weight: var( --e-global-typography-text-font-weight );\">Kinderyoga<\/span><\/li><li><span style=\"color: var( --e-global-color-text ); font-family: var( --e-global-typography-text-font-family ), Sans-serif; font-weight: var( --e-global-typography-text-font-weight );\">Faszienarbeit<\/span><\/li><li><span style=\"color: var( --e-global-color-text ); font-family: var( --e-global-typography-text-font-family ), Sans-serif; font-weight: var( --e-global-typography-text-font-weight );\">Betriebliches Gesundheitsmanagement (BGM)<br><\/span><\/li><li><span style=\"color: var( --e-global-color-text ); font-family: var( --e-global-typography-text-font-family ), Sans-serif; font-weight: var( --e-global-typography-text-font-weight );\">Yogatherapie nach den Prinzipien der Spiraldynamik<\/span><\/li><li><span style=\"color: var( --e-global-color-text ); font-family: var( --e-global-typography-text-font-family ), Sans-serif; font-weight: var( --e-global-typography-text-font-weight );\">Businessyoga: Workshops oder auch w\u00f6chentliche Kurse &#8211; Auf Ihre individuellen Bed\u00fcrfnisse angepasst<\/span><\/li>\n<li><span style=\"color: var( --e-global-color-text ); font-family: var( --e-global-typography-text-font-family ), Sans-serif; font-weight: var( --e-global-typography-text-font-weight );\">Gesundheitstage bspw. bei Lehrerfortbildungen<br><\/span><\/li>\n<li><span style=\"color: var( --e-global-color-text ); font-family: var( --e-global-typography-text-font-family ), Sans-serif; font-weight: var( --e-global-typography-text-font-weight );\">Alles sowohl online, als auch in Pr\u00e4senz m\u00f6glich<\/span><\/li>\n<\/ul>\n<p><span style=\"color: var( --e-global-color-text ); font-family: var( --e-global-typography-text-font-family ), Sans-serif; font-weight: var( --e-global-typography-text-font-weight );\">&nbsp;<\/span>Habe ich Dein Interesse geweckt? Dann ruf mich an und buche eine Schnupperstunde.<\/p>\n<p style=\"margin-bottom: 0cm; text-align: center;\"><b style=\"color: var( --e-global-color-text ); font-family: var( --e-global-typography-text-font-family ), Sans-serif;\">Telefon 0170-244 84 74<\/b><\/p>\n<p><\/p>\n<p><!-- \/wp:paragraph --><\/p>\t\t\t\t\t\t<\/div>\n\t\t\t\t<\/div>\n\t\t\t\t\t<\/div>\n\t\t<\/div>\n\t\t\t\t\t\t\t<\/div>\n\t\t<\/section>\n\t\t\t\t\t\t\t<\/div>\n\t\t","protected":false},"excerpt":{"rendered":"<p>Meine Angebote Ich biete folgende Formate an Gruppenstunden Einzelcoaching Kinderyoga Faszienarbeit Betriebliches Gesundheitsmanagement (BGM) Yogatherapie nach den Prinzipien der Spiraldynamik Businessyoga: Workshops oder auch w\u00f6chentliche Kurse &#8211; Auf Ihre individuellen Bed\u00fcrfnisse angepasst Gesundheitstage bspw. bei Lehrerfortbildungen Alles sowohl online, als auch in Pr\u00e4senz m\u00f6glich &nbsp;Habe ich Dein Interesse geweckt? Dann ruf mich an und buche [&hellip;]<\/p>\n","protected":false},"author":2,"featured_media":0,"parent":0,"menu_order":0,"comment_status":"closed","ping_status":"closed","template":"elementor_header_footer","meta":[],"_links":{"self":[{"href":"https:\/\/yin-in-herford.de\/index.php?rest_route=\/wp\/v2\/pages\/5647"}],"collection":[{"href":"https:\/\/yin-in-herford.de\/index.php?rest_route=\/wp\/v2\/pages"}],"about":[{"href":"https:\/\/yin-in-herford.de\/index.php?rest_route=\/wp\/v2\/types\/page"}],"author":[{"embeddable":true,"href":"https:\/\/yin-in-herford.de\/index.php?rest_route=\/wp\/v2\/users\/2"}],"replies":[{"embeddable":true,"href":"https:\/\/yin-in-herford.de\/index.php?rest_route=%2Fwp%2Fv2%2Fcomments&post=5647"}],"version-history":[{"count":18,"href":"https:\/\/yin-in-herford.de\/index.php?rest_route=\/wp\/v2\/pages\/5647\/revisions"}],"predecessor-version":[{"id":5765,"href":"https:\/\/yin-in-herford.de\/index.php?rest_route=\/wp\/v2\/pages\/5647\/revisions\/5765"}],"wp:attachment":[{"href":"https:\/\/yin-in-herford.de\/index.php?rest_route=%2Fwp%2Fv2%2Fmedia&parent=5647"}],"curies":[{"name":"wp","href":"https:\/\/api.w.org\/{rel}","templated":true}]}}