{"id":5335,"date":"2021-01-10T14:07:36","date_gmt":"2021-01-10T13:07:36","guid":{"rendered":"http:\/\/yin-in-herford.de\/?page_id=5335"},"modified":"2022-11-23T16:07:20","modified_gmt":"2022-11-23T15:07:20","slug":"kundenstimmen","status":"publish","type":"page","link":"https:\/\/yin-in-herford.de\/?page_id=5335","title":{"rendered":"Kundenstimmen"},"content":{"rendered":"\t\t<div data-elementor-type=\"wp-page\" data-elementor-id=\"5335\" class=\"elementor elementor-5335\">\n\t\t\t\t\t\t\t\t\t<section class=\"elementor-section elementor-top-section elementor-element elementor-element-2d5df28 elementor-section-boxed elementor-section-height-default elementor-section-height-default qodef-elementor-content-no\" data-id=\"2d5df28\" data-element_type=\"section\">\n\t\t\t\t\t\t<div class=\"elementor-container elementor-column-gap-default\">\n\t\t\t\t\t<div class=\"elementor-column elementor-col-100 elementor-top-column elementor-element elementor-element-6741271\" data-id=\"6741271\" data-element_type=\"column\">\n\t\t\t<div class=\"elementor-widget-wrap elementor-element-populated\">\n\t\t\t\t\t\t\t\t<div class=\"elementor-element elementor-element-4ac2ca0 elementor-widget elementor-widget-text-editor\" data-id=\"4ac2ca0\" data-element_type=\"widget\" data-widget_type=\"text-editor.default\">\n\t\t\t\t<div class=\"elementor-widget-container\">\n\t\t\t\t\t\t\t<h4>I. YIN YOGA<\/h4><p>Liebe Ronja, ich war sehr skeptisch gegen\u00fcber Yoga\u2026 Dachte ich m\u00fcsste mich total verrenken bei den \u00dcbungen und beweglich sein wie eine Gummipuppe\u2026<\/p><p>Du erkl\u00e4rtest mir dass es jeder auf seine Art und Weise beim Yin Yoga kann, soweit es geht! Das Dehnen und Halten der \u00dcbungen hat mir gezeigt, dass auch ich es kann, auf meine Art und Weise! Du sagtest, alles ist gut, auch wenn nur ein wenig gedehnt wird! Ich habe Arthrose in fast allen Gelenken\u2026 Du hast mich \u00fcberzeugt: Es tut so gut, dass ich nach vielen \u00dcbungen sp\u00e4ter Muskelkater habe, woran ich merke das ich was getan habe!<\/p><p>Ich sage danke, es tut so gut\u2026<\/p><h4>U. YIN YOGA<\/h4><p>Liebe Ronja, ich freue mich sehr dich kennengelernt zu haben, du bereicherst mein Leben auf eine ganz besondere Art und Weise und ich glaube deine Bezahlung f\u00e4llt nicht im angemessenen Rahmen aus.<\/p><h4>Meike YIN YOGA<\/h4><p>Nach meinen chronischen R\u00fcckenschmerzen und meiner Reha im Sommer habe ich gedacht, dass Yoga mir sicher ganz gut tun w\u00fcrde. Ehrlich gesagt hatte mich dieser \u201eYoga-Hipe\u201c, der seit einigen Jahren herrscht, immer etwas abgeschreckt.<\/p><p>Allgemein bin ich auch eher jemand der viel Power und Geschwindigkeit im Sport und als Ausgleich braucht. Umso positiver bin ich nun \u00fcberrascht wie gut mir die Yogastunden bei dir bekommen. Ich f\u00fchle mich danach sehr gut. Ich mag auch deine Art des Unterrichts sehr. Du strahlst eine Ruhe aus und gibst immer interessante Informationen zu den \u00dcbungen.<\/p><p>Mittlerweile habe ich einige der \u00dcbungen in mein eigenes Trainings-\/Dehnprogramm aufgenommen. Alles in allem freue ich mich immer sehr auf unsere gemeinsamen Abende und unsere gemeinsame Stunde der Entspannung und des Loslassens.<\/p><h4>Michaela YIN YOGA<\/h4><p>Liebe Ronja, du hast mir ganz wunderbar Yin Yoga nahegebracht. Einen sehr sicheren Raum gestaltet in dem ich mich sehr wohl f\u00fchle und entspannen kann. Vor allem ein Dankesch\u00f6n daf\u00fcr, dass du dein Yoga auch online angeboten hast. Herzlichen Dank.<\/p><h4>Ulrike YIN YOGA<\/h4><p>Yin Yoga mit Ronja:<\/p><p>Zeit zur Ruhe zu kommen, Zeit zum Durchatmen, Zeit, um sich selbst Gutes zu tun.<\/p><p>Ronja strahlt Ruhe aus, erkl\u00e4rt gut verst\u00e4ndlich die \u00dcbungen, achtet darauf, dass es jedem von uns gut geht.<\/p><p>Yin Yoga mit Ronja tut gut.<\/p>\t\t\t\t\t\t<\/div>\n\t\t\t\t<\/div>\n\t\t\t\t\t<\/div>\n\t\t<\/div>\n\t\t\t\t\t\t\t<\/div>\n\t\t<\/section>\n\t\t\t\t\t\t\t<\/div>\n\t\t","protected":false},"excerpt":{"rendered":"<p>I. YIN YOGA Liebe Ronja, ich war sehr skeptisch gegen\u00fcber Yoga\u2026 Dachte ich m\u00fcsste mich total verrenken bei den \u00dcbungen und beweglich sein wie eine Gummipuppe\u2026 Du erkl\u00e4rtest mir dass es jeder auf seine Art und Weise beim Yin Yoga kann, soweit es geht! Das Dehnen und Halten der \u00dcbungen hat mir gezeigt, dass auch [&hellip;]<\/p>\n","protected":false},"author":2,"featured_media":0,"parent":0,"menu_order":0,"comment_status":"closed","ping_status":"closed","template":"","meta":[],"_links":{"self":[{"href":"https:\/\/yin-in-herford.de\/index.php?rest_route=\/wp\/v2\/pages\/5335"}],"collection":[{"href":"https:\/\/yin-in-herford.de\/index.php?rest_route=\/wp\/v2\/pages"}],"about":[{"href":"https:\/\/yin-in-herford.de\/index.php?rest_route=\/wp\/v2\/types\/page"}],"author":[{"embeddable":true,"href":"https:\/\/yin-in-herford.de\/index.php?rest_route=\/wp\/v2\/users\/2"}],"replies":[{"embeddable":true,"href":"https:\/\/yin-in-herford.de\/index.php?rest_route=%2Fwp%2Fv2%2Fcomments&post=5335"}],"version-history":[{"count":8,"href":"https:\/\/yin-in-herford.de\/index.php?rest_route=\/wp\/v2\/pages\/5335\/revisions"}],"predecessor-version":[{"id":5611,"href":"https:\/\/yin-in-herford.de\/index.php?rest_route=\/wp\/v2\/pages\/5335\/revisions\/5611"}],"wp:attachment":[{"href":"https:\/\/yin-in-herford.de\/index.php?rest_route=%2Fwp%2Fv2%2Fmedia&parent=5335"}],"curies":[{"name":"wp","href":"https:\/\/api.w.org\/{rel}","templated":true}]}}